{"id":1747,"date":"2024-11-12T15:42:30","date_gmt":"2024-11-12T15:42:30","guid":{"rendered":"https:\/\/christelleyoung.ro\/?page_id=1747"},"modified":"2024-11-12T15:42:30","modified_gmt":"2024-11-12T15:42:30","slug":"politica-de-confidentialitate","status":"publish","type":"page","link":"https:\/\/christelleyoung.ro\/?page_id=1747","title":{"rendered":"Politica de Confiden\u021bialitate"},"content":{"rendered":"\n<p class=\"has-x-large-font-size\">Politica de Confiden\u021bialitate<\/p>\n\n\n\n<p><strong>Introducere:<\/strong><br>Confiden\u021bialitatea dvs. este important\u0103 pentru noi. Aceast\u0103 politic\u0103 explic\u0103 modul \u00een care SC Christelle Young SRL colecteaz\u0103, utilizeaz\u0103 \u0219i protejeaz\u0103 datele dvs. personale pe&nbsp;<a href=\"https:\/\/christelleyoung.ro\/\">https:\/\/christelleyoung.ro<\/a>.<\/p>\n\n\n\n<p><strong>Date Colectate:<\/strong><br>Colect\u0103m date de baz\u0103, cum ar fi numele \u0219i adresa de e-mail, prin intermediul formularului de contact. Aceste date sunt utilizate strict pentru a r\u0103spunde solicit\u0103rilor dvs. \u0219i nu sunt partajate cu ter\u021bi f\u0103r\u0103 consim\u021b\u0103m\u00e2ntul dvs.<\/p>\n\n\n\n<p><strong>Modul de Utilizare a Datelor:<\/strong><br>Datele colectate prin formularul de contact sunt folosite doar pentru a oferi suport \u0219i pentru a r\u0103spunde \u00eentreb\u0103rilor utilizatorilor. Datele dvs. sunt protejate conform normelor GDPR \u0219i nu sunt partajate cu alte p\u0103r\u021bi \u00een scopuri comerciale.<\/p>\n\n\n\n<p><strong>Drepturile Dvs.:<\/strong><br>Ave\u021bi dreptul de a accesa, rectifica sau \u0219terge datele personale stocate. Pentru a exercita aceste drepturi, ne pute\u021bi contacta la [insera\u021bi adresa de e-mail].<\/p>\n\n\n\n<p><strong>M\u0103suri de Securitate:<\/strong><br>Lu\u0103m m\u0103suri de securitate pentru a proteja datele personale \u00eempotriva accesului neautorizat sau a dezv\u0103luirii.<\/p>\n\n\n\n<p><strong>Transferul Datelor:<\/strong><br>Pentru analizarea traficului, folosim Google Analytics, care colecteaz\u0103 date anonimizate \u0219i nu permite identificarea personal\u0103 a utilizatorilor.<\/p>\n","protected":false},"excerpt":{"rendered":"<p>Politica de Confiden\u021bialitate Introducere:Confiden\u021bialitatea dvs. este important\u0103 pentru noi. Aceast\u0103 politic\u0103 explic\u0103 modul \u00een care SC Christelle Young SRL colecteaz\u0103, utilizeaz\u0103 \u0219i protejeaz\u0103 datele dvs. personale pe&nbsp;https:\/\/christelleyoung.ro. Date Colectate:Colect\u0103m date de baz\u0103, cum ar fi numele \u0219i adresa de e-mail, prin intermediul formularului de contact. Aceste date sunt utilizate strict pentru a r\u0103spunde solicit\u0103rilor dvs. [&hellip;]<\/p>\n","protected":false},"author":1,"featured_media":0,"parent":0,"menu_order":0,"comment_status":"closed","ping_status":"closed","template":"","meta":{"footnotes":""},"class_list":["post-1747","page","type-page","status-publish","hentry"],"yoast_head":"<!-- This site is optimized with the Yoast SEO plugin v23.2 - https:\/\/yoast.com\/wordpress\/plugins\/seo\/ -->\n<title>Politica de Confiden\u021bialitate - Christelle Young SRL<\/title>\n<meta name=\"robots\" content=\"index, follow, max-snippet:-1, max-image-preview:large, max-video-preview:-1\" \/>\n<link rel=\"canonical\" href=\"https:\/\/christelleyoung.ro\/?page_id=1747\" \/>\n<meta property=\"og:locale\" content=\"en_US\" \/>\n<meta property=\"og:type\" content=\"article\" \/>\n<meta property=\"og:title\" content=\"Politica de Confiden\u021bialitate - Christelle Young SRL\" \/>\n<meta property=\"og:description\" content=\"Politica de Confiden\u021bialitate Introducere:Confiden\u021bialitatea dvs. este important\u0103 pentru noi. Aceast\u0103 politic\u0103 explic\u0103 modul \u00een care SC Christelle Young SRL colecteaz\u0103, utilizeaz\u0103 \u0219i protejeaz\u0103 datele dvs. personale pe&nbsp;https:\/\/christelleyoung.ro. Date Colectate:Colect\u0103m date de baz\u0103, cum ar fi numele \u0219i adresa de e-mail, prin intermediul formularului de contact. Aceste date sunt utilizate strict pentru a r\u0103spunde solicit\u0103rilor dvs. [&hellip;]\" \/>\n<meta property=\"og:url\" content=\"https:\/\/christelleyoung.ro\/?page_id=1747\" \/>\n<meta property=\"og:site_name\" content=\"Christelle Young SRL\" \/>\n<meta name=\"twitter:card\" content=\"summary_large_image\" \/>\n<meta name=\"twitter:label1\" content=\"Est. reading time\" \/>\n\t<meta name=\"twitter:data1\" content=\"1 minute\" \/>\n<script type=\"application\/ld+json\" class=\"yoast-schema-graph\">{\"@context\":\"https:\/\/schema.org\",\"@graph\":[{\"@type\":\"WebPage\",\"@id\":\"https:\/\/christelleyoung.ro\/?page_id=1747\",\"url\":\"https:\/\/christelleyoung.ro\/?page_id=1747\",\"name\":\"Politica de Confiden\u021bialitate - Christelle Young SRL\",\"isPartOf\":{\"@id\":\"https:\/\/christelleyoung.ro\/#website\"},\"datePublished\":\"2024-11-12T15:42:30+00:00\",\"dateModified\":\"2024-11-12T15:42:30+00:00\",\"breadcrumb\":{\"@id\":\"https:\/\/christelleyoung.ro\/?page_id=1747#breadcrumb\"},\"inLanguage\":\"en-US\",\"potentialAction\":[{\"@type\":\"ReadAction\",\"target\":[\"https:\/\/christelleyoung.ro\/?page_id=1747\"]}]},{\"@type\":\"BreadcrumbList\",\"@id\":\"https:\/\/christelleyoung.ro\/?page_id=1747#breadcrumb\",\"itemListElement\":[{\"@type\":\"ListItem\",\"position\":1,\"name\":\"Home\",\"item\":\"https:\/\/christelleyoung.ro\/\"},{\"@type\":\"ListItem\",\"position\":2,\"name\":\"Politica de Confiden\u021bialitate\"}]},{\"@type\":\"WebSite\",\"@id\":\"https:\/\/christelleyoung.ro\/#website\",\"url\":\"https:\/\/christelleyoung.ro\/\",\"name\":\"Christelle Young SRL\",\"description\":\"Unearth Excellence, shape the Future!\",\"publisher\":{\"@id\":\"https:\/\/christelleyoung.ro\/#organization\"},\"potentialAction\":[{\"@type\":\"SearchAction\",\"target\":{\"@type\":\"EntryPoint\",\"urlTemplate\":\"https:\/\/christelleyoung.ro\/?s={search_term_string}\"},\"query-input\":\"required name=search_term_string\"}],\"inLanguage\":\"en-US\"},{\"@type\":\"Organization\",\"@id\":\"https:\/\/christelleyoung.ro\/#organization\",\"name\":\"Christelle Young SRL\",\"url\":\"https:\/\/christelleyoung.ro\/\",\"logo\":{\"@type\":\"ImageObject\",\"inLanguage\":\"en-US\",\"@id\":\"https:\/\/christelleyoung.ro\/#\/schema\/logo\/image\/\",\"url\":\"https:\/\/christelleyoung.ro\/wp-content\/uploads\/2024\/11\/cropped-logo-editabil-fantana-impact-1600-x-900-px.png\",\"contentUrl\":\"https:\/\/christelleyoung.ro\/wp-content\/uploads\/2024\/11\/cropped-logo-editabil-fantana-impact-1600-x-900-px.png\",\"width\":398,\"height\":380,\"caption\":\"Christelle Young SRL\"},\"image\":{\"@id\":\"https:\/\/christelleyoung.ro\/#\/schema\/logo\/image\/\"}}]}<\/script>\n<!-- \/ Yoast SEO plugin. -->","yoast_head_json":{"title":"Politica de Confiden\u021bialitate - Christelle Young SRL","robots":{"index":"index","follow":"follow","max-snippet":"max-snippet:-1","max-image-preview":"max-image-preview:large","max-video-preview":"max-video-preview:-1"},"canonical":"https:\/\/christelleyoung.ro\/?page_id=1747","og_locale":"en_US","og_type":"article","og_title":"Politica de Confiden\u021bialitate - Christelle Young SRL","og_description":"Politica de Confiden\u021bialitate Introducere:Confiden\u021bialitatea dvs. este important\u0103 pentru noi. Aceast\u0103 politic\u0103 explic\u0103 modul \u00een care SC Christelle Young SRL colecteaz\u0103, utilizeaz\u0103 \u0219i protejeaz\u0103 datele dvs. personale pe&nbsp;https:\/\/christelleyoung.ro. Date Colectate:Colect\u0103m date de baz\u0103, cum ar fi numele \u0219i adresa de e-mail, prin intermediul formularului de contact. Aceste date sunt utilizate strict pentru a r\u0103spunde solicit\u0103rilor dvs. [&hellip;]","og_url":"https:\/\/christelleyoung.ro\/?page_id=1747","og_site_name":"Christelle Young SRL","twitter_card":"summary_large_image","twitter_misc":{"Est. reading time":"1 minute"},"schema":{"@context":"https:\/\/schema.org","@graph":[{"@type":"WebPage","@id":"https:\/\/christelleyoung.ro\/?page_id=1747","url":"https:\/\/christelleyoung.ro\/?page_id=1747","name":"Politica de Confiden\u021bialitate - Christelle Young SRL","isPartOf":{"@id":"https:\/\/christelleyoung.ro\/#website"},"datePublished":"2024-11-12T15:42:30+00:00","dateModified":"2024-11-12T15:42:30+00:00","breadcrumb":{"@id":"https:\/\/christelleyoung.ro\/?page_id=1747#breadcrumb"},"inLanguage":"en-US","potentialAction":[{"@type":"ReadAction","target":["https:\/\/christelleyoung.ro\/?page_id=1747"]}]},{"@type":"BreadcrumbList","@id":"https:\/\/christelleyoung.ro\/?page_id=1747#breadcrumb","itemListElement":[{"@type":"ListItem","position":1,"name":"Home","item":"https:\/\/christelleyoung.ro\/"},{"@type":"ListItem","position":2,"name":"Politica de Confiden\u021bialitate"}]},{"@type":"WebSite","@id":"https:\/\/christelleyoung.ro\/#website","url":"https:\/\/christelleyoung.ro\/","name":"Christelle Young SRL","description":"Unearth Excellence, shape the Future!","publisher":{"@id":"https:\/\/christelleyoung.ro\/#organization"},"potentialAction":[{"@type":"SearchAction","target":{"@type":"EntryPoint","urlTemplate":"https:\/\/christelleyoung.ro\/?s={search_term_string}"},"query-input":"required name=search_term_string"}],"inLanguage":"en-US"},{"@type":"Organization","@id":"https:\/\/christelleyoung.ro\/#organization","name":"Christelle Young SRL","url":"https:\/\/christelleyoung.ro\/","logo":{"@type":"ImageObject","inLanguage":"en-US","@id":"https:\/\/christelleyoung.ro\/#\/schema\/logo\/image\/","url":"https:\/\/christelleyoung.ro\/wp-content\/uploads\/2024\/11\/cropped-logo-editabil-fantana-impact-1600-x-900-px.png","contentUrl":"https:\/\/christelleyoung.ro\/wp-content\/uploads\/2024\/11\/cropped-logo-editabil-fantana-impact-1600-x-900-px.png","width":398,"height":380,"caption":"Christelle Young SRL"},"image":{"@id":"https:\/\/christelleyoung.ro\/#\/schema\/logo\/image\/"}}]}},"_links":{"self":[{"href":"https:\/\/christelleyoung.ro\/index.php?rest_route=\/wp\/v2\/pages\/1747"}],"collection":[{"href":"https:\/\/christelleyoung.ro\/index.php?rest_route=\/wp\/v2\/pages"}],"about":[{"href":"https:\/\/christelleyoung.ro\/index.php?rest_route=\/wp\/v2\/types\/page"}],"author":[{"embeddable":true,"href":"https:\/\/christelleyoung.ro\/index.php?rest_route=\/wp\/v2\/users\/1"}],"replies":[{"embeddable":true,"href":"https:\/\/christelleyoung.ro\/index.php?rest_route=%2Fwp%2Fv2%2Fcomments&post=1747"}],"version-history":[{"count":1,"href":"https:\/\/christelleyoung.ro\/index.php?rest_route=\/wp\/v2\/pages\/1747\/revisions"}],"predecessor-version":[{"id":1748,"href":"https:\/\/christelleyoung.ro\/index.php?rest_route=\/wp\/v2\/pages\/1747\/revisions\/1748"}],"wp:attachment":[{"href":"https:\/\/christelleyoung.ro\/index.php?rest_route=%2Fwp%2Fv2%2Fmedia&parent=1747"}],"curies":[{"name":"wp","href":"https:\/\/api.w.org\/{rel}","templated":true}]}}